{"id":25354,"date":"2017-12-27T21:31:50","date_gmt":"2017-12-27T21:31:50","guid":{"rendered":"https:\/\/apesyto.com\/?page_id=25354"},"modified":"2021-08-24T22:12:13","modified_gmt":"2021-08-24T20:12:13","slug":"club","status":"publish","type":"page","link":"https:\/\/apesyto.com\/ro\/club\/","title":{"rendered":"Club"},"content":{"rendered":"<div class=\"wpb-content-wrapper\"><p>[vc_row dfd_row_responsive_enable=&#8221;dfd-row-responsive-enable&#8221; responsive_styles=&#8221;padding_left_mobile:15|padding_right_mobile:15&#8243; css=&#8221;.vc_custom_1616019871629{padding-top: 15px !important;}&#8221;][vc_column col_shadow=&#8221;box_shadow_enable:disable|shadow_horizontal:0|shadow_vertical:15|shadow_blur:50|shadow_spread:0|box_shadow_color:rgba(0%2C0%2C0%2C0.35)&#8221; col_shadow_hover=&#8221;box_shadow_enable:disable|shadow_horizontal:0|shadow_vertical:15|shadow_blur:50|shadow_spread:0|box_shadow_color:rgba(0%2C0%2C0%2C0.35)&#8221; offset=&#8221;vc_hidden-lg vc_hidden-md&#8221;][dfd_single_image image_alignment=&#8221;image-right&#8221; image=&#8221;28873&#8243; tutorials=&#8221;&#8221;][\/vc_column][\/vc_row][vc_row anchor=&#8221;card_bg&#8221; dfd_bg_style=&#8221;image&#8221; dfd_bg_image_new=&#8221;28873&#8243; dfd_bg_image_repeat=&#8221;no-repeat&#8221; dfd_bg_image_size=&#8221;initial&#8221; dfd_bg_image_position=&#8221;right center&#8221; dfd_bg_image_new_responsive=&#8221;22526&#8243; dfd_bg_resolution=&#8221;1024&#8243; dfd_row_responsive_enable=&#8221;dfd-row-responsive-enable&#8221; responsive_styles=&#8221;padding_top_tablet:15|padding_bottom_tablet:15|padding_top_mobile:15|padding_bottom_mobile:15&#8243; css=&#8221;.vc_custom_1629835926537{padding-top: 45px !important;padding-bottom: 15px !important;}&#8221;][vc_column width=&#8221;1\/2&#8243; dfd_column_responsive_enable=&#8221;dfd-column-responsive-enable&#8221; col_shadow=&#8221;box_shadow_enable:disable|shadow_horizontal:0|shadow_vertical:15|shadow_blur:50|shadow_spread:0|box_shadow_color:rgba(0%2C0%2C0%2C0.35)&#8221; col_shadow_hover=&#8221;box_shadow_enable:disable|shadow_horizontal:0|shadow_vertical:15|shadow_blur:50|shadow_spread:0|box_shadow_color:rgba(0%2C0%2C0%2C0.35)&#8221; offset=&#8221;vc_col-lg-6 vc_col-md-6 vc_col-xs-12&#8243; responsive_styles=&#8221;padding_left_mobile:15|padding_right_mobile:15&#8243; el_class=&#8221;dfd_col-tablet-12&#8243;][dfd_heading subtitle=&#8221;&#8221; content_alignment=&#8221;text-left&#8221; enable_delimiter=&#8221;&#8221; undefined=&#8221;&#8221; title_font_options=&#8221;tag:h2|color:%23252525&#8243; subtitle_font_options=&#8221;tag:div&#8221; title_responsive=&#8221;font_size_desktop:22|line_height_desktop:32|font_size_tablet:22|line_height_tablet:32|font_size_mobile:20|line_height_mobile:28&#8243;]Cea mai bun\u0103 Alegere a Clientului Con\u0219tient, cardul care asigur\u0103 o <span style=\"color: #9e7c32;\"><strong><a href=\"https:\/\/apesyto.com\/ro\/card-family-plus\/\" rel=\"noopener noreferrer\">reducere imediat\u0103 la achizi\u021bie!<\/a><\/strong><\/span>[\/dfd_heading][dfd_spacer screen_wide_spacer_size=&#8221;15&#8243; screen_normal_resolution=&#8221;1280&#8243; screen_tablet_resolution=&#8221;1024&#8243; screen_mobile_resolution=&#8221;800&#8243;][vc_column_text]<\/p>\n<p style=\"text-align: justify;\">Ast\u0103zi, totul \u00een lume se schimb\u0103 mai repede ca niciodat\u0103, indiferent dac\u0103 ne uit\u0103m la tehnologie, comer\u021b sau la cele mai recente metode de marketing. Fiecare zi aduce ceva nou! Multor companii \u0219i majorit\u0103\u0163ii oamenilor nu le plac schimb\u0103rile, deoarece oamenilor obi\u0219nui\u021bi le place securitatea, stabilitatea, lini\u0219tea sufleteasc\u0103.<\/p>\n<p style=\"text-align: justify;\">Ai fost vreodat\u0103 \u00een ultimii ani abordat de o cuno\u0219tin\u021b\u0103 apropiat\u0103 sau \u00eendep\u0103rtat\u0103 cu o ofert\u0103 de afaceri senza\u021bional\u0103?<\/p>\n<p style=\"text-align: justify;\">Poate imediat ai spus nu?<\/p>\n<p style=\"text-align: justify;\">Sau ai demarat, dar nu ai avut un rezultat foarte bun?<\/p>\n<p>[\/vc_column_text][\/vc_column][vc_column width=&#8221;1\/2&#8243; dfd_column_responsive_enable=&#8221;dfd-column-responsive-enable&#8221; col_shadow=&#8221;box_shadow_enable:disable|shadow_horizontal:0|shadow_vertical:15|shadow_blur:50|shadow_spread:0|box_shadow_color:rgba(0%2C0%2C0%2C0.35)&#8221; col_shadow_hover=&#8221;box_shadow_enable:disable|shadow_horizontal:0|shadow_vertical:15|shadow_blur:50|shadow_spread:0|box_shadow_color:rgba(0%2C0%2C0%2C0.35)&#8221; offset=&#8221;vc_col-lg-6 vc_col-md-6 vc_col-xs-12&#8243; responsive_styles=&#8221;padding_left_mobile:15|padding_right_mobile:15&#8243; css=&#8221;.vc_custom_1616018125262{background-position: center !important;background-repeat: no-repeat !important;background-size: cover !important;}&#8221; el_class=&#8221;dfd_col-tablet-12&#8243;][\/vc_column][\/vc_row][vc_row][vc_column width=&#8221;7\/12&#8243; dfd_column_responsive_enable=&#8221;dfd-column-responsive-enable&#8221; el_class=&#8221;dfd_col-tablet-12&#8243; col_shadow=&#8221;box_shadow_enable:disable|shadow_horizontal:0|shadow_vertical:15|shadow_blur:50|shadow_spread:0|box_shadow_color:rgba(0%2C0%2C0%2C0.35)&#8221; col_shadow_hover=&#8221;box_shadow_enable:disable|shadow_horizontal:0|shadow_vertical:15|shadow_blur:50|shadow_spread:0|box_shadow_color:rgba(0%2C0%2C0%2C0.35)&#8221; offset=&#8221;vc_col-lg-7 vc_col-md-7 vc_col-xs-12&#8243; responsive_styles=&#8221;padding_left_mobile:15|padding_right_mobile:15&#8243; css=&#8221;.vc_custom_1616417493717{padding-bottom: 15px !important;}&#8221;][vc_column_text]<\/p>\n<p style=\"text-align: justify;\"><strong>Nu este greu s\u0103 enumer\u0103m motivele pentru care cineva nu dore\u0219te s\u0103 se implice \u00eentr-o afacere nou\u0103 sau de ce nu a reu\u0219it:<\/strong><\/p>\n<ul>\n<li>Suma cu care putea s\u0103se adere la sistem a fost ridicat\u0103.<\/li>\n<li>Nu vroia s\u0103 cumpere produse de care nu era sigur c\u0103 va avea nevoie.<\/li>\n<li>Nu vroia s\u0103 ofere produse prietenilor s\u0103i de care ace\u015ftia nu aveau nevoie.<\/li>\n<li>Nu vroia deloc s\u0103 v\u00e2nd\u0103 produse sau s\u0103 recruteze oameni.<\/li>\n<li>Nu avea timp s\u0103 participe la \u00eent\u00e2lniri, instruiri sau s\u0103 se agita\u021bi dup\u0103 munca zilnic\u0103.<\/li>\n<\/ul>\n<p style=\"text-align: justify;\">Ei bine, am putea enumera motive pentru o lung\u0103 perioad\u0103 de timp, dar nu vom face acest lucru. Nu are sens, deoarece oferta noastr\u0103 este de neegalat pe pie\u021bele europene \u0219i interna\u021bionale \u00een acest moment!<\/p>\n<p>[\/vc_column_text][\/vc_column][vc_column width=&#8221;5\/12&#8243; dfd_column_responsive_enable=&#8221;dfd-column-responsive-enable&#8221; el_class=&#8221;dfd_col-tablet-12&#8243; col_shadow=&#8221;box_shadow_enable:disable|shadow_horizontal:0|shadow_vertical:15|shadow_blur:50|shadow_spread:0|box_shadow_color:rgba(0%2C0%2C0%2C0.35)&#8221; col_shadow_hover=&#8221;box_shadow_enable:disable|shadow_horizontal:0|shadow_vertical:15|shadow_blur:50|shadow_spread:0|box_shadow_color:rgba(0%2C0%2C0%2C0.35)&#8221; offset=&#8221;vc_col-lg-5 vc_col-md-5 vc_col-xs-12&#8243; responsive_styles=&#8221;padding_left_mobile:15|padding_right_mobile:15&#8243;][vc_column_text]<\/p>\n<p style=\"text-align: justify;\"><strong>Exist\u0103 un \u201econstant\u201d \u0219i \u00een afacerea noastr\u0103: ceea ce \u00eens\u0103 dovede\u0219te umanit\u0103\u021bii de mii de ani! \u0218i acesta nu este altul dec\u00e2t AURUL! Pe l\u00e2ng\u0103 elementul permanent, conceptul nostru se bazeaz\u0103 pe megatenduri, precum social media, industria alternativ\u0103 a s\u0103n\u0103t\u0103\u021bii, revolu\u021bia informa\u021bional\u0103 \u0219i comer\u021bul online! Datorit\u0103 vitezei acestor tendin\u021be, conceptul nostru poate fi \u00eentotdeauna re\u00eennoit!<\/strong><\/p>\n<p style=\"text-align: justify;\"><strong>De aceea s\u0103 nu-\u021bi fric\u0103 de schimb\u0103ri, deoarece lucrurile care nu se schib\u0103 te fac neajutorat! S\u0103 ai \u00eencredere \u00een obiectivele tale \u0219i \u00eencepe s\u0103 lucrarezi pentru a le atinge!<\/strong><\/p>\n<p>[\/vc_column_text][\/vc_column][\/vc_row][vc_row force_equal_height_columns=&#8221;main_row&#8221; align_content_vertically=&#8221;&#8221; mobile_destroy_equal_heights_resolution=&#8221;768&#8243; anchor=&#8221;reg_pricing_table&#8221; dfd_row_responsive_enable=&#8221;dfd-row-responsive-enable&#8221; responsive_styles=&#8221;padding_left_mobile:15|padding_right_mobile:15&#8243;][vc_column width=&#8221;1\/2&#8243; dfd_column_responsive_enable=&#8221;dfd-column-responsive-enable&#8221; col_shadow=&#8221;box_shadow_enable:disable|shadow_horizontal:0|shadow_vertical:15|shadow_blur:50|shadow_spread:0|box_shadow_color:rgba(0%2C0%2C0%2C0.35)&#8221; col_shadow_hover=&#8221;box_shadow_enable:disable|shadow_horizontal:0|shadow_vertical:15|shadow_blur:50|shadow_spread:0|box_shadow_color:rgba(0%2C0%2C0%2C0.35)&#8221; responsive_styles=&#8221;padding_left_mobile:15|padding_right_mobile:15&#8243;][dfd_pricing_block title=&#8221;Achizi\u021bionarea Cardului de membru Apesyto Family&#8221; subtitle=&#8221;&#8221; currency_symbol=&#8221;&#8221; payment_amount=&#8221;&#8221; time_interval=&#8221;&#8221; content_description=&#8221;* Membrul Apesyto Family deja se poate bucura de beneficiile Apesyto Family! Membrii Apesyto Family pot cump\u0103ra \u00een magazinul nostru online la o reducere semnificativ\u0103, la pre\u021buri en gros. De asemenea, oferim op\u021biuni suplimentare (de ex. bonus, cupon, affiliate) pentru a ob\u021bine cel mai bun pre\u021b. Este condi\u021bionat\u0103 de achizi\u021bionarea cardul de club, \u00een a c\u0103rui valoare complet\u0103 po\u021bi s\u0103 faci cump\u0103r\u0103turi!&#8221; values=&#8221;%5B%7B%22feature_style%22%3A%22text_only%22%2C%22type%22%3A%22dfd_icons%22%2C%22icon_dfd_icons%22%3A%22dfd-socicon-icon-ios7-cart%22%2C%22icon_fontawesome%22%3A%22fab%20fa-accessible-icon%22%2C%22icon_openiconic%22%3A%22vc-oi%20vc-oi-dial%22%2C%22icon_typicons%22%3A%22typcn%20typcn-adjust-brightness%22%2C%22icon_entypo%22%3A%22entypo-icon%20entypo-icon-note%22%2C%22icon_linecons%22%3A%22vc_li%20vc_li-heart%22%7D%5D&#8221; button_text=&#8221;M\u0102 \u00ceNREGISTREZ&#8221; button_full_width=&#8221;&#8221; feat_mark_text=&#8221;&#8221; main_border_hover=&#8221;border_style:solid|border_width:1|border_radius:10|border_color:%23e7e7e7&#8243; general_top_offset=&#8221;30&#8243; general_bottom_offset=&#8221;15&#8243; delimeter_style=&#8221;none&#8221; symbol_size=&#8221;25&#8243; amount_size=&#8221;55&#8243; interval_size=&#8221;25&#8243; price_letter_spacing=&#8221;-4&#8243; icon_feature_size=&#8221;14&#8243; feature_top_bottom_offset=&#8221;19&#8243; style=&#8221;style-01&#8243; button_link=&#8221;url:%23&#8243; title_font_options=&#8221;tag:div|font_size:20|line_height:30|letter_spacing:0&#8243; content_font_options=&#8221;font_size:13|line_height:23&#8243; el_class=&#8221;left&#8221;][\/vc_column][vc_column width=&#8221;1\/2&#8243; dfd_column_responsive_enable=&#8221;dfd-column-responsive-enable&#8221; offset=&#8221;vc_col-lg-offset-0 vc_col-md-offset-0&#8243; col_shadow=&#8221;box_shadow_enable:disable|shadow_horizontal:0|shadow_vertical:15|shadow_blur:50|shadow_spread:0|box_shadow_color:rgba(0%2C0%2C0%2C0.35)&#8221; col_shadow_hover=&#8221;box_shadow_enable:disable|shadow_horizontal:0|shadow_vertical:15|shadow_blur:50|shadow_spread:0|box_shadow_color:rgba(0%2C0%2C0%2C0.35)&#8221; responsive_styles=&#8221;padding_left_mobile:15|padding_right_mobile:15&#8243;][dfd_pricing_block title=&#8221;Achizi\u021bionarea Cardului de Distriuitor&#8221; subtitle=&#8221;&#8221; currency_symbol=&#8221;&#8221; payment_amount=&#8221;&#8221; time_interval=&#8221;&#8221; content_description=&#8221;* \u00cen calitate de membru al Apesyto Family, Distribuitorul \u00ee\u0219i poate construi propria re\u021bea, poate cump\u0103ra la pre\u021buri en gros \u0219i, de asemenea, poate primi reduceri suplimentare semnificative (de exemplu, bonus, cupon, affiliate) \u0219i comisioane. Una dintre condi\u021bii este cardul de club, \u00een a c\u0103rui valoare complet\u0103 po\u021bi s\u0103 faci cump\u0103r\u0103turi \u00een magazinul nostru online.&#8221; values=&#8221;%5B%7B%22feature_style%22%3A%22text_only%22%2C%22type%22%3A%22dfd_icons%22%2C%22icon_dfd_icons%22%3A%22dfd-socicon-icon-ios7-cart%22%2C%22icon_fontawesome%22%3A%22fab%20fa-accessible-icon%22%2C%22icon_openiconic%22%3A%22vc-oi%20vc-oi-dial%22%2C%22icon_typicons%22%3A%22typcn%20typcn-adjust-brightness%22%2C%22icon_entypo%22%3A%22entypo-icon%20entypo-icon-note%22%2C%22icon_linecons%22%3A%22vc_li%20vc_li-heart%22%7D%5D&#8221; button_text=&#8221;M\u0102 \u00ceNREGISTREZ&#8221; button_full_width=&#8221;&#8221; feat_mark_text=&#8221;&#8221; main_border_hover=&#8221;border_style:solid|border_width:1|border_radius:10|border_color:%23e7e7e7&#8243; general_top_offset=&#8221;30&#8243; general_bottom_offset=&#8221;15&#8243; delimeter_style=&#8221;none&#8221; symbol_size=&#8221;25&#8243; amount_size=&#8221;55&#8243; interval_size=&#8221;25&#8243; price_letter_spacing=&#8221;-4&#8243; icon_feature_size=&#8221;14&#8243; feature_top_bottom_offset=&#8221;19&#8243; style=&#8221;style-01&#8243; button_link=&#8221;url:%23&#8243; title_font_options=&#8221;tag:div|font_size:20|line_height:30|letter_spacing:0&#8243; content_font_options=&#8221;font_size:13|line_height:23&#8243; el_class=&#8221;right&#8221;][\/vc_column][\/vc_row][vc_row dfd_row_responsive_enable=&#8221;dfd-row-responsive-enable&#8221; css=&#8221;.vc_custom_1616417127820{padding-bottom: 30px !important;}&#8221; responsive_styles=&#8221;padding_left_mobile:15|padding_right_mobile:15&#8243;][vc_column][dfd_heading subtitle=&#8221;&#8221; enable_delimiter=&#8221;&#8221; undefined=&#8221;&#8221; title_font_options=&#8221;tag:h2|color:%23252525&#8243; subtitle_font_options=&#8221;tag:div&#8221; title_responsive=&#8221;font_size_desktop:22|line_height_desktop:32|font_size_tablet:22|line_height_tablet:32|font_size_mobile:20|line_height_mobile:28&#8243;]Te rog s\u0103 faci clic pe una dintre carduri \u0219i s\u0103 te informezi despre beneficiile oferite pentru tine.[\/dfd_heading][\/vc_column][\/vc_row][vc_row force_equal_height_columns=&#8221;main_row&#8221; align_content_vertically=&#8221;&#8221; mobile_destroy_equal_heights_resolution=&#8221;1023&#8243; anchor=&#8221;card_pricing_table&#8221; css=&#8221;.vc_custom_1616410034988{padding-bottom: 45px !important;}&#8221;][vc_column width=&#8221;1\/3&#8243; dfd_column_responsive_enable=&#8221;dfd-column-responsive-enable&#8221; col_shadow=&#8221;box_shadow_enable:disable|shadow_horizontal:0|shadow_vertical:15|shadow_blur:50|shadow_spread:0|box_shadow_color:rgba(0%2C0%2C0%2C0.35)&#8221; col_shadow_hover=&#8221;box_shadow_enable:disable|shadow_horizontal:0|shadow_vertical:15|shadow_blur:50|shadow_spread:0|box_shadow_color:rgba(0%2C0%2C0%2C0.35)&#8221; responsive_styles=&#8221;padding_bottom_mobile:15|padding_left_mobile:15|padding_right_mobile:15&#8243; offset=&#8221;vc_col-lg-4 vc_col-md-4 vc_col-xs-12&#8243; el_class=&#8221;dfd_col-tablet-12&#8243;][dfd_single_image link_object=&#8221;link&#8221; hover_style=&#8221;dfd-image-fade-in&#8221; image=&#8221;26970&#8243; enable_link=&#8221;yes&#8221; image_ext_link_url=&#8221;https:\/\/apesyto.com\/klubkartya-igenyles\/&#8221;][dfd_pricing_block title=&#8221;10% 1 An&#8221; subtitle=&#8221;Dreptul la comision din aripa 1 a prollelerului&#8221; currency_symbol=&#8221;&#8221; payment_amount=&#8221;&#8221; time_interval=&#8221;&#8221; content_description=&#8221;50 \u20ac \/ 150 \u20ac \/ 350 \u20ac&#8221; values=&#8221;%5B%7B%22feature_style%22%3A%22dot%22%2C%22type%22%3A%22dfd_icons%22%2C%22icon_dfd_icons%22%3A%22dfd-socicon-icon-ios7-cart%22%2C%22icon_fontawesome%22%3A%22fab%20fa-accessible-icon%22%2C%22icon_openiconic%22%3A%22vc-oi%20vc-oi-dial%22%2C%22icon_typicons%22%3A%22typcn%20typcn-adjust-brightness%22%2C%22icon_entypo%22%3A%22entypo-icon%20entypo-icon-note%22%2C%22icon_linecons%22%3A%22vc_li%20vc_li-heart%22%7D%2C%7B%22feature_style%22%3A%22text_only%22%2C%22label%22%3A%2210%20x%20INVITA%C8%9AIE%20%22%2C%22type%22%3A%22dfd_icons%22%2C%22icon_dfd_icons%22%3A%22dfd-socicon-icon-ios7-cart%22%2C%22icon_fontawesome%22%3A%22fab%20fa-accessible-icon%22%2C%22icon_openiconic%22%3A%22vc-oi%20vc-oi-dial%22%2C%22icon_typicons%22%3A%22typcn%20typcn-adjust-brightness%22%2C%22icon_entypo%22%3A%22entypo-icon%20entypo-icon-note%22%2C%22icon_linecons%22%3A%22vc_li%20vc_li-heart%22%7D%2C%7B%22feature_style%22%3A%22text_only%22%2C%22label%22%3A%221%20x%20BOOM%22%2C%22type%22%3A%22dfd_icons%22%2C%22icon_dfd_icons%22%3A%22dfd-socicon-icon-ios7-cart%22%2C%22icon_fontawesome%22%3A%22fab%20fa-accessible-icon%22%2C%22icon_openiconic%22%3A%22vc-oi%20vc-oi-dial%22%2C%22icon_typicons%22%3A%22typcn%20typcn-adjust-brightness%22%2C%22icon_entypo%22%3A%22entypo-icon%20entypo-icon-note%22%2C%22icon_linecons%22%3A%22vc_li%20vc_li-heart%22%7D%5D&#8221; button_text=&#8221;M\u0102 \u00ceNREGISTREZ&#8221; feat_mark_text=&#8221;&#8221; general_top_offset=&#8221;30&#8243; general_bottom_offset=&#8221;15&#8243; delimeter_style=&#8221;none&#8221; symbol_size=&#8221;25&#8243; amount_size=&#8221;55&#8243; interval_size=&#8221;&#8221; price_letter_spacing=&#8221;&#8221; delimiter_feature_style=&#8221;none&#8221; icon_feature_size=&#8221;14&#8243; feature_top_bottom_offset=&#8221;15&#8243; style=&#8221;style-01&#8243; title_font_options=&#8221;tag:h1|line_height:36&#8243; subtitle_font_options=&#8221;tag:div|font_size:16|font_style_bold:1&#8243; content_font_options=&#8221;font_size:23|font_style_bold:1&#8243; features_font_options=&#8221;font_size:18|font_style_bold:1&#8243; button_link=&#8221;url:%23&#8243;][\/vc_column][vc_column width=&#8221;1\/3&#8243; dfd_column_responsive_enable=&#8221;dfd-column-responsive-enable&#8221; col_shadow=&#8221;box_shadow_enable:disable|shadow_horizontal:0|shadow_vertical:15|shadow_blur:50|shadow_spread:0|box_shadow_color:rgba(0%2C0%2C0%2C0.35)&#8221; col_shadow_hover=&#8221;box_shadow_enable:disable|shadow_horizontal:0|shadow_vertical:15|shadow_blur:50|shadow_spread:0|box_shadow_color:rgba(0%2C0%2C0%2C0.35)&#8221; responsive_styles=&#8221;padding_bottom_mobile:15|padding_left_mobile:15|padding_right_mobile:15&#8243; offset=&#8221;vc_col-lg-4 vc_col-md-4 vc_col-xs-12&#8243; el_class=&#8221;dfd_col-tablet-12&#8243;][dfd_single_image link_object=&#8221;link&#8221; hover_style=&#8221;dfd-image-fade-in&#8221; enable_link=&#8221;yes&#8221; image_ext_link_url=&#8221;https:\/\/apesyto.com\/klubkartya-igenyles\/&#8221; image=&#8221;26977&#8243;][dfd_pricing_block title=&#8221;15% 2 Ani&#8221; subtitle=&#8221;Timp de 3 luni dreptul la comision de elice din minim 2 aripi&#8221; currency_symbol=&#8221;&#8221; payment_amount=&#8221;&#8221; time_interval=&#8221;&#8221; content_description=&#8221;500 \u20ac \/ 1.500 \u20ac \/ 3.500 \u20ac&#8221; values=&#8221;%5B%7B%22feature_style%22%3A%22dot%22%2C%22type%22%3A%22dfd_icons%22%2C%22icon_dfd_icons%22%3A%22dfd-socicon-icon-ios7-cart%22%2C%22icon_fontawesome%22%3A%22fab%20fa-accessible-icon%22%2C%22icon_openiconic%22%3A%22vc-oi%20vc-oi-dial%22%2C%22icon_typicons%22%3A%22typcn%20typcn-adjust-brightness%22%2C%22icon_entypo%22%3A%22entypo-icon%20entypo-icon-note%22%2C%22icon_linecons%22%3A%22vc_li%20vc_li-heart%22%7D%2C%7B%22feature_style%22%3A%22text_only%22%2C%22label%22%3A%2220%20x%20INVITA%C8%9AIE%22%2C%22type%22%3A%22dfd_icons%22%2C%22icon_dfd_icons%22%3A%22dfd-socicon-icon-ios7-cart%22%2C%22icon_fontawesome%22%3A%22fab%20fa-accessible-icon%22%2C%22icon_openiconic%22%3A%22vc-oi%20vc-oi-dial%22%2C%22icon_typicons%22%3A%22typcn%20typcn-adjust-brightness%22%2C%22icon_entypo%22%3A%22entypo-icon%20entypo-icon-note%22%2C%22icon_linecons%22%3A%22vc_li%20vc_li-heart%22%7D%2C%7B%22feature_style%22%3A%22text_only%22%2C%22label%22%3A%222%20x%20BOOM%22%2C%22type%22%3A%22dfd_icons%22%2C%22icon_dfd_icons%22%3A%22dfd-socicon-icon-ios7-cart%22%2C%22icon_fontawesome%22%3A%22fab%20fa-accessible-icon%22%2C%22icon_openiconic%22%3A%22vc-oi%20vc-oi-dial%22%2C%22icon_typicons%22%3A%22typcn%20typcn-adjust-brightness%22%2C%22icon_entypo%22%3A%22entypo-icon%20entypo-icon-note%22%2C%22icon_linecons%22%3A%22vc_li%20vc_li-heart%22%7D%5D&#8221; button_text=&#8221;M\u0102 \u00ceNREGISTREZ&#8221; feat_mark_text=&#8221;&#8221; general_top_offset=&#8221;30&#8243; general_bottom_offset=&#8221;15&#8243; delimeter_style=&#8221;none&#8221; symbol_size=&#8221;25&#8243; amount_size=&#8221;55&#8243; interval_size=&#8221;&#8221; price_letter_spacing=&#8221;&#8221; delimiter_feature_style=&#8221;none&#8221; icon_feature_size=&#8221;14&#8243; feature_top_bottom_offset=&#8221;15&#8243; style=&#8221;style-02&#8243; title_font_options=&#8221;tag:h1|line_height:36&#8243; subtitle_font_options=&#8221;tag:div|font_size:16|font_style_bold:1&#8243; content_font_options=&#8221;font_size:23|font_style_bold:1&#8243; features_font_options=&#8221;font_size:18|font_style_bold:1&#8243; button_link=&#8221;url:%23&#8243;][\/vc_column][vc_column width=&#8221;1\/3&#8243; dfd_column_responsive_enable=&#8221;dfd-column-responsive-enable&#8221; col_shadow=&#8221;box_shadow_enable:disable|shadow_horizontal:0|shadow_vertical:15|shadow_blur:50|shadow_spread:0|box_shadow_color:rgba(0%2C0%2C0%2C0.35)&#8221; col_shadow_hover=&#8221;box_shadow_enable:disable|shadow_horizontal:0|shadow_vertical:15|shadow_blur:50|shadow_spread:0|box_shadow_color:rgba(0%2C0%2C0%2C0.35)&#8221; responsive_styles=&#8221;padding_bottom_mobile:15|padding_left_mobile:15|padding_right_mobile:15&#8243; offset=&#8221;vc_col-lg-4 vc_col-md-4 vc_col-xs-12&#8243; el_class=&#8221;dfd_col-tablet-12&#8243;][dfd_single_image link_object=&#8221;link&#8221; hover_style=&#8221;dfd-image-fade-in&#8221; enable_link=&#8221;yes&#8221; image_ext_link_url=&#8221;https:\/\/apesyto.com\/klubkartya-igenyles\/&#8221; image=&#8221;26963&#8243;][dfd_pricing_block title=&#8221;21% 5 Ani&#8221; subtitle=&#8221;Timp de 6 luni dreptul la comision de elice din minim 3 aripi&#8221; currency_symbol=&#8221;&#8221; payment_amount=&#8221;&#8221; time_interval=&#8221;&#8221; content_description=&#8221;5.000 \u20ac \/ 7.500 \u20ac \/ 10.000 \u20ac&#8221; values=&#8221;%5B%7B%22feature_style%22%3A%22text_only%22%2C%22label%22%3A%221%25%20WORLD%20POOL%22%2C%22type%22%3A%22dfd_icons%22%2C%22icon_dfd_icons%22%3A%22dfd-socicon-icon-ios7-cart%22%2C%22icon_fontawesome%22%3A%22fab%20fa-accessible-icon%22%2C%22icon_openiconic%22%3A%22vc-oi%20vc-oi-dial%22%2C%22icon_typicons%22%3A%22typcn%20typcn-adjust-brightness%22%2C%22icon_entypo%22%3A%22entypo-icon%20entypo-icon-note%22%2C%22icon_linecons%22%3A%22vc_li%20vc_li-heart%22%7D%2C%7B%22feature_style%22%3A%22text_only%22%2C%22label%22%3A%2230%20x%20INVITA%C8%9AIE%22%2C%22type%22%3A%22dfd_icons%22%2C%22icon_dfd_icons%22%3A%22dfd-socicon-icon-ios7-cart%22%2C%22icon_fontawesome%22%3A%22fab%20fa-accessible-icon%22%2C%22icon_openiconic%22%3A%22vc-oi%20vc-oi-dial%22%2C%22icon_typicons%22%3A%22typcn%20typcn-adjust-brightness%22%2C%22icon_entypo%22%3A%22entypo-icon%20entypo-icon-note%22%2C%22icon_linecons%22%3A%22vc_li%20vc_li-heart%22%7D%2C%7B%22feature_style%22%3A%22text_only%22%2C%22label%22%3A%223%20x%20BOOM%22%2C%22type%22%3A%22dfd_icons%22%2C%22icon_dfd_icons%22%3A%22dfd-socicon-icon-ios7-cart%22%2C%22icon_fontawesome%22%3A%22fab%20fa-accessible-icon%22%2C%22icon_openiconic%22%3A%22vc-oi%20vc-oi-dial%22%2C%22icon_typicons%22%3A%22typcn%20typcn-adjust-brightness%22%2C%22icon_entypo%22%3A%22entypo-icon%20entypo-icon-note%22%2C%22icon_linecons%22%3A%22vc_li%20vc_li-heart%22%7D%5D&#8221; button_text=&#8221;M\u0102 \u00ceNREGISTREZ&#8221; feat_mark_text=&#8221;&#8221; main_border_radius3=&#8221;10&#8243; general_top_offset=&#8221;30&#8243; general_bottom_offset=&#8221;15&#8243; delimeter_style=&#8221;none&#8221; symbol_size=&#8221;25&#8243; amount_size=&#8221;55&#8243; interval_size=&#8221;&#8221; price_letter_spacing=&#8221;&#8221; delimiter_feature_style=&#8221;none&#8221; icon_feature_size=&#8221;14&#8243; feature_top_bottom_offset=&#8221;15&#8243; style=&#8221;style-03&#8243; title_font_options=&#8221;tag:h1|line_height:36&#8243; subtitle_font_options=&#8221;tag:div|font_size:16|font_style_bold:1&#8243; content_font_options=&#8221;font_size:23|letter_spacing:0|font_style_bold:1&#8243; features_font_options=&#8221;font_size:18|font_style_bold:1&#8243; button_link=&#8221;url:%23&#8243;][\/vc_column][\/vc_row]<\/p>\n<\/div>","protected":false},"excerpt":{"rendered":"<p>[vc_row dfd_row_responsive_enable=&#8221;dfd-row-responsive-enable&#8221; responsive_styles=&#8221;padding_left_mobile:15|padding_right_mobile:15&#8243; css=&#8221;.vc_custom_1616019871629{padding-top: 15px !important;}&#8221;][vc_column col_shadow=&#8221;box_shadow_enable:disable|shadow_horizontal:0|shadow_vertical:15|shadow_blur:50|shadow_spread:0|box_shadow_color:rgba(0%2C0%2C0%2C0.35)&#8221; col_shadow_hover=&#8221;box_shadow_enable:disable|shadow_horizontal:0|shadow_vertical:15|shadow_blur:50|shadow_spread:0|box_shadow_color:rgba(0%2C0%2C0%2C0.35)&#8221; offset=&#8221;vc_hidden-lg vc_hidden-md&#8221;][dfd_single_image image_alignment=&#8221;image-right&#8221; image=&#8221;28873&#8243; tutorials=&#8221;&#8221;][\/vc_column][\/vc_row][vc_row anchor=&#8221;card_bg&#8221; dfd_bg_style=&#8221;image&#8221; dfd_bg_image_new=&#8221;28873&#8243; dfd_bg_image_repeat=&#8221;no-repeat&#8221; dfd_bg_image_size=&#8221;initial&#8221; dfd_bg_image_position=&#8221;right center&#8221; dfd_bg_image_new_responsive=&#8221;22526&#8243; dfd_bg_resolution=&#8221;1024&#8243; dfd_row_responsive_enable=&#8221;dfd-row-responsive-enable&#8221; responsive_styles=&#8221;padding_top_tablet:15|padding_bottom_tablet:15|padding_top_mobile:15|padding_bottom_mobile:15&#8243; css=&#8221;.vc_custom_1629835926537{padding-top: 45px !important;padding-bottom: 15px !important;}&#8221;][vc_column width=&#8221;1\/2&#8243;<\/p>\n","protected":false},"author":8,"featured_media":0,"parent":0,"menu_order":0,"comment_status":"closed","ping_status":"closed","template":"tmp-page.php","meta":{"footnotes":""},"class_list":["post-25354","page","type-page","status-publish","hentry"],"_links":{"self":[{"href":"https:\/\/apesyto.com\/ro\/wp-json\/wp\/v2\/pages\/25354","targetHints":{"allow":["GET"]}}],"collection":[{"href":"https:\/\/apesyto.com\/ro\/wp-json\/wp\/v2\/pages"}],"about":[{"href":"https:\/\/apesyto.com\/ro\/wp-json\/wp\/v2\/types\/page"}],"author":[{"embeddable":true,"href":"https:\/\/apesyto.com\/ro\/wp-json\/wp\/v2\/users\/8"}],"replies":[{"embeddable":true,"href":"https:\/\/apesyto.com\/ro\/wp-json\/wp\/v2\/comments?post=25354"}],"version-history":[{"count":25,"href":"https:\/\/apesyto.com\/ro\/wp-json\/wp\/v2\/pages\/25354\/revisions"}],"predecessor-version":[{"id":28882,"href":"https:\/\/apesyto.com\/ro\/wp-json\/wp\/v2\/pages\/25354\/revisions\/28882"}],"wp:attachment":[{"href":"https:\/\/apesyto.com\/ro\/wp-json\/wp\/v2\/media?parent=25354"}],"curies":[{"name":"wp","href":"https:\/\/api.w.org\/{rel}","templated":true}]}}